{"id":1652,"date":"2024-04-29T08:35:38","date_gmt":"2024-04-29T08:35:38","guid":{"rendered":"https:\/\/elements.themescamp.com\/acumenz-finance-accounting\/?page_id=1652"},"modified":"2024-10-16T10:43:04","modified_gmt":"2024-10-16T15:43:04","slug":"sobre-nosotros","status":"publish","type":"page","link":"https:\/\/agbposervices.com\/es\/sobre-nosotros\/","title":{"rendered":"sobre nosotros"},"content":{"rendered":"\t\t<div data-elementor-type=\"wp-page\" data-elementor-id=\"1652\" class=\"elementor elementor-1652\" data-elementor-post-type=\"page\">\n\t\t\t\t<div class=\"elementor-element elementor-element-7e3d8aac e-con-full e-flex e-con e-parent\" data-id=\"7e3d8aac\" data-element_type=\"container\" data-settings=\"{&quot;tc_dark_mode_responsive_hide_in_dark&quot;:&quot;no&quot;,&quot;tc_dark_mode_responsive_hide_in_light&quot;:&quot;no&quot;}\">\n\t\t<div class=\"elementor-element elementor-element-7444d1df e-con-full e-flex e-con e-child\" data-id=\"7444d1df\" data-element_type=\"container\" data-settings=\"{&quot;background_background&quot;:&quot;classic&quot;,&quot;tc_dark_mode_responsive_hide_in_dark&quot;:&quot;no&quot;,&quot;tc_dark_mode_responsive_hide_in_light&quot;:&quot;no&quot;}\">\n\t\t<div class=\"elementor-element elementor-element-18001c54 e-flex e-con-boxed e-con e-child\" data-id=\"18001c54\" data-element_type=\"container\" data-settings=\"{&quot;tc_dark_mode_responsive_hide_in_dark&quot;:&quot;no&quot;,&quot;tc_dark_mode_responsive_hide_in_light&quot;:&quot;no&quot;}\">\n\t\t\t\t\t<div class=\"e-con-inner\">\n\t\t\t\t<div class=\"elementor-element elementor-element-0db4ec2 elementor-widget elementor-widget-spacer\" data-id=\"0db4ec2\" data-element_type=\"widget\" data-settings=\"{&quot;tc_dark_mode_responsive_hide_in_dark&quot;:&quot;no&quot;,&quot;tc_dark_mode_responsive_hide_in_light&quot;:&quot;no&quot;}\" data-widget_type=\"spacer.default\">\n\t\t\t\t<div class=\"elementor-widget-container\">\n\t\t\t\t\t<div class=\"elementor-spacer\">\n\t\t\t<div class=\"elementor-spacer-inner\"><\/div>\n\t\t<\/div>\n\t\t\t\t<\/div>\n\t\t\t\t<\/div>\n\t\t\t\t\t<\/div>\n\t\t\t\t<\/div>\n\t\t\t\t<div class=\"elementor-element elementor-element-50259b33 elementor-widget__width-inherit elementor-absolute elementor-widget elementor-widget-tcgelements-image\" data-id=\"50259b33\" data-element_type=\"widget\" data-settings=\"{&quot;_position&quot;:&quot;absolute&quot;,&quot;image_hover_overlay&quot;:&quot;no&quot;,&quot;image_hover_transform_translateX_effect&quot;:{&quot;unit&quot;:&quot;px&quot;,&quot;size&quot;:&quot;&quot;,&quot;sizes&quot;:[]},&quot;image_hover_transform_translateX_effect_tablet&quot;:{&quot;unit&quot;:&quot;px&quot;,&quot;size&quot;:&quot;&quot;,&quot;sizes&quot;:[]},&quot;image_hover_transform_translateX_effect_mobile&quot;:{&quot;unit&quot;:&quot;px&quot;,&quot;size&quot;:&quot;&quot;,&quot;sizes&quot;:[]},&quot;image_hover_transform_translateY_effect&quot;:{&quot;unit&quot;:&quot;px&quot;,&quot;size&quot;:&quot;&quot;,&quot;sizes&quot;:[]},&quot;image_hover_transform_translateY_effect_tablet&quot;:{&quot;unit&quot;:&quot;px&quot;,&quot;size&quot;:&quot;&quot;,&quot;sizes&quot;:[]},&quot;image_hover_transform_translateY_effect_mobile&quot;:{&quot;unit&quot;:&quot;px&quot;,&quot;size&quot;:&quot;&quot;,&quot;sizes&quot;:[]},&quot;tc_dark_mode_responsive_hide_in_dark&quot;:&quot;no&quot;,&quot;tc_dark_mode_responsive_hide_in_light&quot;:&quot;no&quot;}\" data-widget_type=\"tcgelements-image.default\">\n\t\t\t\t<div class=\"elementor-widget-container\">\n\t\t\t\r\n\r\n        <div class=\"tcgelements-image selector-type-image \">\r\n\r\n                                    <div class=\"elementor-image\">\r\n                                                                            <img fetchpriority=\"high\" decoding=\"async\" width=\"2500\" height=\"1666\" src=\"https:\/\/agbposervices.com\/es\/wp-content\/uploads\/2024\/10\/full-shot-people-having-meeting.webp\" class=\"attachment-full size-full wp-image-226192\" alt=\"\" \/>                                                                                            <\/div>\r\n                            <\/div>\r\n\r\n        \t\t<\/div>\n\t\t\t\t<\/div>\n\t\t\t\t<\/div>\n\t\t<div class=\"elementor-element elementor-element-71ae6b7c e-con-full e-flex e-con e-child\" data-id=\"71ae6b7c\" data-element_type=\"container\" data-settings=\"{&quot;tc_dark_mode_responsive_hide_in_dark&quot;:&quot;no&quot;,&quot;tc_dark_mode_responsive_hide_in_light&quot;:&quot;no&quot;}\">\n\t\t<div class=\"elementor-element elementor-element-40db3ea1 e-con-full e-flex e-con e-child\" data-id=\"40db3ea1\" data-element_type=\"container\" data-settings=\"{&quot;tc_dark_mode_responsive_hide_in_dark&quot;:&quot;no&quot;,&quot;tc_dark_mode_responsive_hide_in_light&quot;:&quot;no&quot;}\">\n\t\t<div class=\"elementor-element elementor-element-774fef5c e-flex e-con-boxed e-con e-child\" data-id=\"774fef5c\" data-element_type=\"container\" data-settings=\"{&quot;tc_dark_mode_responsive_hide_in_dark&quot;:&quot;no&quot;,&quot;tc_dark_mode_responsive_hide_in_light&quot;:&quot;no&quot;}\">\n\t\t\t\t\t<div class=\"e-con-inner\">\n\t\t<div class=\"elementor-element elementor-element-5a422d40 e-con-full e-flex e-con e-child\" data-id=\"5a422d40\" data-element_type=\"container\" data-settings=\"{&quot;tc_dark_mode_responsive_hide_in_dark&quot;:&quot;no&quot;,&quot;tc_dark_mode_responsive_hide_in_light&quot;:&quot;no&quot;}\">\n\t\t\t\t<div class=\"elementor-element elementor-element-408ca7bc elementor-absolute elementor-widget-divider--view-line elementor-widget elementor-widget-divider\" data-id=\"408ca7bc\" data-element_type=\"widget\" data-settings=\"{&quot;_position&quot;:&quot;absolute&quot;,&quot;tc_dark_mode_responsive_hide_in_dark&quot;:&quot;no&quot;,&quot;tc_dark_mode_responsive_hide_in_light&quot;:&quot;no&quot;}\" data-widget_type=\"divider.default\">\n\t\t\t\t<div class=\"elementor-widget-container\">\n\t\t\t\t\t<div class=\"elementor-divider\">\n\t\t\t<span class=\"elementor-divider-separator\">\n\t\t\t\t\t\t<\/span>\n\t\t<\/div>\n\t\t\t\t<\/div>\n\t\t\t\t<\/div>\n\t\t\t\t<div class=\"elementor-element elementor-element-39bb3826 elementor-widget elementor-widget-heading\" data-id=\"39bb3826\" data-element_type=\"widget\" data-settings=\"{&quot;tc_dark_mode_responsive_hide_in_dark&quot;:&quot;no&quot;,&quot;tc_dark_mode_responsive_hide_in_light&quot;:&quot;no&quot;}\" data-widget_type=\"heading.default\">\n\t\t\t\t<div class=\"elementor-widget-container\">\n\t\t\t<h2 class=\"elementor-heading-title elementor-size-default\">Expertos confiables con a\u00f1os de experiencia y Consultor\u00eda Empresarial.<\/h2>\t\t<\/div>\n\t\t\t\t<\/div>\n\t\t\t\t<\/div>\n\t\t\t\t\t<\/div>\n\t\t\t\t<\/div>\n\t\t\t\t<\/div>\n\t\t\t\t<\/div>\n\t\t\t\t<\/div>\n\t\t<div class=\"elementor-element elementor-element-7e1c3142 e-con-full e-flex e-con e-parent\" data-id=\"7e1c3142\" data-element_type=\"container\" data-settings=\"{&quot;tc_dark_mode_responsive_hide_in_dark&quot;:&quot;no&quot;,&quot;tc_dark_mode_responsive_hide_in_light&quot;:&quot;no&quot;}\">\n\t\t<div class=\"elementor-element elementor-element-737458f3 e-flex e-con-boxed e-con e-child\" data-id=\"737458f3\" data-element_type=\"container\" data-settings=\"{&quot;tc_dark_mode_responsive_hide_in_dark&quot;:&quot;no&quot;,&quot;tc_dark_mode_responsive_hide_in_light&quot;:&quot;no&quot;}\">\n\t\t\t\t\t<div class=\"e-con-inner\">\n\t\t<div class=\"elementor-element elementor-element-591d4e66 e-con-full e-flex elementor-invisible e-con e-child\" data-id=\"591d4e66\" data-element_type=\"container\" data-settings=\"{&quot;animation&quot;:&quot;fadeInUp&quot;,&quot;animation_delay&quot;:200,&quot;tc_dark_mode_responsive_hide_in_dark&quot;:&quot;no&quot;,&quot;tc_dark_mode_responsive_hide_in_light&quot;:&quot;no&quot;}\">\n\t\t<div class=\"elementor-element elementor-element-4c02327a e-con-full e-flex e-con e-child\" data-id=\"4c02327a\" data-element_type=\"container\" data-settings=\"{&quot;tc_dark_mode_responsive_hide_in_dark&quot;:&quot;no&quot;,&quot;tc_dark_mode_responsive_hide_in_light&quot;:&quot;no&quot;}\">\n\t\t<div class=\"elementor-element elementor-element-5cccdc06 e-con-full e-flex e-con e-child\" data-id=\"5cccdc06\" data-element_type=\"container\" data-settings=\"{&quot;tc_dark_mode_responsive_hide_in_dark&quot;:&quot;no&quot;,&quot;tc_dark_mode_responsive_hide_in_light&quot;:&quot;no&quot;}\">\n\t\t\t\t<div class=\"elementor-element elementor-element-57c382f5 elementor-widget elementor-widget-heading\" data-id=\"57c382f5\" data-element_type=\"widget\" data-settings=\"{&quot;tc_dark_mode_responsive_hide_in_dark&quot;:&quot;no&quot;,&quot;tc_dark_mode_responsive_hide_in_light&quot;:&quot;no&quot;}\" data-widget_type=\"heading.default\">\n\t\t\t\t<div class=\"elementor-widget-container\">\n\t\t\t<h2 class=\"elementor-heading-title elementor-size-default\">Cu\u00e9ntanos acerca de tu proyecto para guiar, inspirar y apoyar tu negocio de manera eficaz.<\/h2>\t\t<\/div>\n\t\t\t\t<\/div>\n\t\t\t\t<\/div>\n\t\t<div class=\"elementor-element elementor-element-414ade14 e-con-full e-flex e-con e-child\" data-id=\"414ade14\" data-element_type=\"container\" data-settings=\"{&quot;tc_dark_mode_responsive_hide_in_dark&quot;:&quot;no&quot;,&quot;tc_dark_mode_responsive_hide_in_light&quot;:&quot;no&quot;}\">\n\t\t\t\t<div class=\"elementor-element elementor-element-79daf605 elementor-widget elementor-widget-tcgelements-rotate-box\" data-id=\"79daf605\" data-element_type=\"widget\" data-settings=\"{&quot;tc_dark_mode_responsive_hide_in_dark&quot;:&quot;no&quot;,&quot;tc_dark_mode_responsive_hide_in_light&quot;:&quot;no&quot;}\" data-widget_type=\"tcgelements-rotate-box.default\">\n\t\t\t\t<div class=\"elementor-widget-container\">\n\t\t\t        <a href=\"https:\/\/www.linkedin.com\/company\/agbpo-services\/\" class=\"tcgelements-rotate-box\" data-lity=&quot;video&quot; >\r\n            <div class=\"rotate-circle rotate-text\">\r\n                <svg class=\"textcircle\" viewBox=\"0 0 500 500\">\r\n                    <defs>\r\n                        <path id=\"textcircle69d101c01be76\" d=\"M250,400 a150,150 0 0,1 0,-300a150,150 0 0,1 0,300Z\">\r\n                        <\/path>\r\n                    <\/defs>\r\n                    <text>\r\n                        <textPath xlink:href=\"#textcircle69d101c01be76\" textLength=\"900\"> sitio web de consultor\u00eda para negocios  <\/textPath>\r\n                    <\/text>\r\n                <\/svg>\r\n            <\/div>\r\n                            <span class=\"icon\"><i aria-hidden=\"true\" class=\"fas fa-play\"><\/i><\/span>\r\n                    <\/a>\r\n        \t\t<\/div>\n\t\t\t\t<\/div>\n\t\t\t\t<\/div>\n\t\t\t\t<\/div>\n\t\t\t\t<\/div>\n\t\t<div class=\"elementor-element elementor-element-621d4458 e-con-full e-flex elementor-invisible e-con e-child\" data-id=\"621d4458\" data-element_type=\"container\" data-settings=\"{&quot;animation&quot;:&quot;fadeInUp&quot;,&quot;animation_delay&quot;:200,&quot;tc_dark_mode_responsive_hide_in_dark&quot;:&quot;no&quot;,&quot;tc_dark_mode_responsive_hide_in_light&quot;:&quot;no&quot;}\">\n\t\t<div class=\"elementor-element elementor-element-48944ddf e-con-full elementor-hidden-tablet elementor-hidden-mobile e-flex e-con e-child\" data-id=\"48944ddf\" data-element_type=\"container\" data-settings=\"{&quot;tc_dark_mode_responsive_hide_in_dark&quot;:&quot;no&quot;,&quot;tc_dark_mode_responsive_hide_in_light&quot;:&quot;no&quot;}\">\n\t\t\t\t<div class=\"elementor-element elementor-element-24116df7 elementor-widget elementor-widget-image\" data-id=\"24116df7\" data-element_type=\"widget\" data-settings=\"{&quot;tc_dark_mode_responsive_hide_in_dark&quot;:&quot;no&quot;,&quot;tc_dark_mode_responsive_hide_in_light&quot;:&quot;no&quot;}\" data-widget_type=\"image.default\">\n\t\t\t\t<div class=\"elementor-widget-container\">\n\t\t\t\t\t\t\t\t\t\t\t\t\t<img decoding=\"async\" width=\"375\" height=\"375\" src=\"https:\/\/agbposervices.com\/es\/wp-content\/uploads\/2024\/04\/vec1.png\" class=\"attachment-full size-full wp-image-1656\" alt=\"\" \/>\t\t\t\t\t\t\t\t\t\t\t\t\t<\/div>\n\t\t\t\t<\/div>\n\t\t\t\t<\/div>\n\t\t<div class=\"elementor-element elementor-element-45f754a4 e-con-full e-flex e-con e-child\" data-id=\"45f754a4\" data-element_type=\"container\" data-settings=\"{&quot;tc_dark_mode_responsive_hide_in_dark&quot;:&quot;no&quot;,&quot;tc_dark_mode_responsive_hide_in_light&quot;:&quot;no&quot;}\">\n\t\t<div class=\"elementor-element elementor-element-7205ab83 e-con-full e-flex e-con e-child\" data-id=\"7205ab83\" data-element_type=\"container\" data-settings=\"{&quot;tc_dark_mode_responsive_hide_in_dark&quot;:&quot;no&quot;,&quot;tc_dark_mode_responsive_hide_in_light&quot;:&quot;no&quot;}\">\n\t\t\t\t<div class=\"elementor-element elementor-element-7fe47bf8 elementor-widget elementor-widget-heading\" data-id=\"7fe47bf8\" data-element_type=\"widget\" data-settings=\"{&quot;tc_dark_mode_responsive_hide_in_dark&quot;:&quot;no&quot;,&quot;tc_dark_mode_responsive_hide_in_light&quot;:&quot;no&quot;}\" data-widget_type=\"heading.default\">\n\t\t\t\t<div class=\"elementor-widget-container\">\n\t\t\t<h2 class=\"elementor-heading-title elementor-size-default\">Nosotros<\/h2>\t\t<\/div>\n\t\t\t\t<\/div>\n\t\t\t\t<div class=\"elementor-element elementor-element-34d8074 elementor-widget elementor-widget-heading\" data-id=\"34d8074\" data-element_type=\"widget\" data-settings=\"{&quot;tc_dark_mode_responsive_hide_in_dark&quot;:&quot;no&quot;,&quot;tc_dark_mode_responsive_hide_in_light&quot;:&quot;no&quot;}\" data-widget_type=\"heading.default\">\n\t\t\t\t<div class=\"elementor-widget-container\">\n\t\t\t<h2 class=\"elementor-heading-title elementor-size-default\">Somos una empresa especializada en brindar atenci\u00f3n integral a inversionistas y empresarios, tanto nacionales como internacionales.<\/h2>\t\t<\/div>\n\t\t\t\t<\/div>\n\t\t\t\t<div class=\"elementor-element elementor-element-ca47896 elementor-widget elementor-widget-heading\" data-id=\"ca47896\" data-element_type=\"widget\" data-settings=\"{&quot;tc_dark_mode_responsive_hide_in_dark&quot;:&quot;no&quot;,&quot;tc_dark_mode_responsive_hide_in_light&quot;:&quot;no&quot;}\" data-widget_type=\"heading.default\">\n\t\t\t\t<div class=\"elementor-widget-container\">\n\t\t\t<h2 class=\"elementor-heading-title elementor-size-default\">\u00bfQu\u00e9 es un BPO?<\/h2>\t\t<\/div>\n\t\t\t\t<\/div>\n\t\t\t\t<div class=\"elementor-element elementor-element-1979f6a0 elementor-widget elementor-widget-heading\" data-id=\"1979f6a0\" data-element_type=\"widget\" data-settings=\"{&quot;tc_dark_mode_responsive_hide_in_dark&quot;:&quot;no&quot;,&quot;tc_dark_mode_responsive_hide_in_light&quot;:&quot;no&quot;}\" data-widget_type=\"heading.default\">\n\t\t\t\t<div class=\"elementor-widget-container\">\n\t\t\t<h2 class=\"elementor-heading-title elementor-size-default\">Business Process Outsourcing (BPO) es la externalizaci\u00f3n de funciones o procesos empresariales a proveedores de servicios especializados. Esta estrategia permite delegar actividades clave a expertos externos, lo que mejora la calidad, reduce costos y optimiza la productividad, permitiendo a la empresa centrarse en su core business y aumentar su competitividad.<\/h2>\t\t<\/div>\n\t\t\t\t<\/div>\n\t\t\t\t<div class=\"elementor-element elementor-element-fc01d4a e-transform elementor-align-left elementor-widget elementor-widget-tcgelements-button\" data-id=\"fc01d4a\" data-element_type=\"widget\" data-settings=\"{&quot;_transform_translateY_effect_hover&quot;:{&quot;unit&quot;:&quot;px&quot;,&quot;size&quot;:-2,&quot;sizes&quot;:[]},&quot;_transform_translateX_effect_hover&quot;:{&quot;unit&quot;:&quot;px&quot;,&quot;size&quot;:&quot;&quot;,&quot;sizes&quot;:[]},&quot;_transform_translateX_effect_hover_tablet&quot;:{&quot;unit&quot;:&quot;px&quot;,&quot;size&quot;:&quot;&quot;,&quot;sizes&quot;:[]},&quot;_transform_translateX_effect_hover_mobile&quot;:{&quot;unit&quot;:&quot;px&quot;,&quot;size&quot;:&quot;&quot;,&quot;sizes&quot;:[]},&quot;_transform_translateY_effect_hover_tablet&quot;:{&quot;unit&quot;:&quot;px&quot;,&quot;size&quot;:&quot;&quot;,&quot;sizes&quot;:[]},&quot;_transform_translateY_effect_hover_mobile&quot;:{&quot;unit&quot;:&quot;px&quot;,&quot;size&quot;:&quot;&quot;,&quot;sizes&quot;:[]},&quot;tc_dark_mode_responsive_hide_in_dark&quot;:&quot;no&quot;,&quot;tc_dark_mode_responsive_hide_in_light&quot;:&quot;no&quot;}\" data-widget_type=\"tcgelements-button.default\">\n\t\t\t\t<div class=\"elementor-widget-container\">\n\t\t\t\r\n\t\t<a href=\"https:\/\/agbposervices.com\/es\/#company\"  class=\"tcgelements-button  tcgelements-responsive-break-line\" >\r\n\t\t\t<span class=\"tcgelements-button-content-wrapper\">\r\n\t\t\t\t                \t\t\t\t<span class=\"tcgelements-button-text\">\r\n\t\t\t\t\tConoce m\u00e1s sobre nosotros.\t\t\t\t<\/span>\r\n                \t\t\t\t\t\t\t\t\t<span class=\"tcgelements-button-icon tcgelements-align-icon-right hover-animation-none\">\r\n\t\t\t\t\t\t<svg xmlns=\"http:\/\/www.w3.org\/2000\/svg\" viewBox=\"0 0 384 512\"><path d=\"M336 96c8.8 0 16 7.2 16 16V336c0 8.8-7.2 16-16 16s-16-7.2-16-16V150.6L59.3 411.3c-6.2 6.2-16.4 6.2-22.6 0s-6.2-16.4 0-22.6L297.4 128H112c-8.8 0-16-7.2-16-16s7.2-16 16-16H336z\"><\/path><\/svg>\t\t\t\t\t<\/span>\r\n\t\t\t\t\t\t\t<\/span>\r\n\t\t<\/a>\r\n\r\n\t\t<\/div>\n\t\t\t\t<\/div>\n\t\t\t\t<\/div>\n\t\t\t\t<\/div>\n\t\t\t\t<\/div>\n\t\t\t\t\t<\/div>\n\t\t\t\t<\/div>\n\t\t\t\t<\/div>\n\t\t\t\t<\/div>\n\t\t","protected":false},"excerpt":{"rendered":"<p>Expertos confiables con a\u00f1os de experiencia y Consultor\u00eda Empresarial. Cu\u00e9ntanos acerca de tu proyecto para guiar, inspirar y apoyar tu negocio de manera eficaz. sitio web de consultor\u00eda para negocios Nosotros Somos una empresa especializada en brindar atenci\u00f3n integral a inversionistas y empresarios, tanto nacionales como internacionales. \u00bfQu\u00e9 es un BPO? Business Process Outsourcing (BPO) es la externalizaci\u00f3n de funciones &hellip;<\/p>\n","protected":false},"author":1,"featured_media":0,"parent":0,"menu_order":0,"comment_status":"closed","ping_status":"closed","template":"blank-builder.php","meta":{"inline_featured_image":false,"footnotes":""},"class_list":["post-1652","page","type-page","status-publish","hentry"],"_links":{"self":[{"href":"https:\/\/agbposervices.com\/es\/wp-json\/wp\/v2\/pages\/1652","targetHints":{"allow":["GET"]}}],"collection":[{"href":"https:\/\/agbposervices.com\/es\/wp-json\/wp\/v2\/pages"}],"about":[{"href":"https:\/\/agbposervices.com\/es\/wp-json\/wp\/v2\/types\/page"}],"author":[{"embeddable":true,"href":"https:\/\/agbposervices.com\/es\/wp-json\/wp\/v2\/users\/1"}],"replies":[{"embeddable":true,"href":"https:\/\/agbposervices.com\/es\/wp-json\/wp\/v2\/comments?post=1652"}],"version-history":[{"count":8,"href":"https:\/\/agbposervices.com\/es\/wp-json\/wp\/v2\/pages\/1652\/revisions"}],"predecessor-version":[{"id":226195,"href":"https:\/\/agbposervices.com\/es\/wp-json\/wp\/v2\/pages\/1652\/revisions\/226195"}],"wp:attachment":[{"href":"https:\/\/agbposervices.com\/es\/wp-json\/wp\/v2\/media?parent=1652"}],"curies":[{"name":"wp","href":"https:\/\/api.w.org\/{rel}","templated":true}]}}